{"id":898,"date":"2025-07-08T09:31:44","date_gmt":"2025-07-08T09:31:44","guid":{"rendered":"https:\/\/devoetjes.byteffekt-dev.nl\/algemene-voorwaarden\/"},"modified":"2025-09-08T16:52:03","modified_gmt":"2025-09-08T16:52:03","slug":"allgemeine-bedingungen-und-konditionen","status":"publish","type":"page","link":"https:\/\/vakantiehuisdevoetjes.nl\/de\/allgemeine-bedingungen-und-konditionen\/","title":{"rendered":"Allgemeine Bedingungen und Konditionen"},"content":{"rendered":"\n<h2 class=\"wp-block-heading\">Wer wir sind<\/h2>\n\n<p><strong class=\"privacy-policy-tutorial\">Vorgeschlagener Text: <\/strong>Unsere Website-Adresse lautet: https:\/\/vakantiehuisdevoetjes.nl.<\/p>\n\n<h2 class=\"wp-block-heading\">Kommentare<\/h2>\n\n<p><strong class=\"privacy-policy-tutorial\">Vorgeschlagener Text: <\/strong>Wenn Besucher Kommentare auf der Website hinterlassen, sammeln wir die im Kommentarformular angezeigten Daten, die IP-Adresse des Besuchers und den Browser User Agent String, um Spam zu erkennen.<\/p>\n\n<p>Eine anonymisierte Zeichenfolge, die aus Ihrer E-Mail-Adresse erstellt wird (dies wird auch als Hash bezeichnet), kann an den Gravatar-Dienst gesendet werden, wenn Sie diesen nutzen. Die Seite mit den Datenschutzbestimmungen des Gravatar-Dienstes finden Sie hier: https:\/\/automattic.com\/privacy\/. Nachdem Ihr Kommentar genehmigt wurde, ist Ihr Profilbild im Zusammenhang mit Ihrem Kommentar \u00f6ffentlich sichtbar. <\/p>\n\n<h2 class=\"wp-block-heading\">Medien<\/h2>\n\n<p><strong class=\"privacy-policy-tutorial\">Empfohlener Text: <\/strong>Wenn Sie Bilder auf die Website hochladen, vermeiden Sie es, Bilder mit eingebetteten Standortdaten (EXIF-GPS) hochzuladen. Besucher der Website k\u00f6nnen alle Standortdaten von Bildern auf der Website herunterladen und extrahieren. <\/p>\n\n<h2 class=\"wp-block-heading\">Cookies<\/h2>\n\n<p><strong class=\"privacy-policy-tutorial\">Vorgeschlagener Text: <\/strong>Wenn Sie einen Kommentar auf unserer Website hinterlassen, k\u00f6nnen Sie angeben, ob Ihr Name, Ihre E-Mail-Adresse und Ihr Standort in einem Cookie gespeichert werden d\u00fcrfen. Wir tun dies aus Gr\u00fcnden der Bequemlichkeit, damit Sie diese Angaben bei einem neuen Kommentar nicht erneut eingeben m\u00fcssen. Diese Cookies sind ein Jahr lang g\u00fcltig.  <\/p>\n\n<p>Wenn Sie unsere Anmeldeseite besuchen, speichern wir ein tempor\u00e4res Cookie, um zu pr\u00fcfen, ob Ihr Browser Cookies akzeptiert. Dieses Cookie enth\u00e4lt keine pers\u00f6nlichen Daten und wird gel\u00f6scht, sobald Sie Ihren Browser schlie\u00dfen. <\/p>\n\n<p>Wenn Sie sich anmelden, setzen wir auch einige Cookies, um Ihre Anmeldeinformationen und die von Ihnen gew\u00e4hlten Bildschirmeinstellungen zu speichern. Login-Cookies sind zwei Tage lang g\u00fcltig und Cookies f\u00fcr Bildschirmeinstellungen ein Jahr lang. Wenn Sie die Option &#8222;Angemeldet bleiben&#8220; w\u00e4hlen, bleibt Ihr Login zwei Wochen lang gespeichert. Wenn Sie sich von Ihrem Konto abmelden, werden die Login-Cookies gel\u00f6scht.   <\/p>\n\n<p>Wenn Sie einen Beitrag bearbeiten oder ver\u00f6ffentlichen, wird ein zus\u00e4tzliches Cookie von Ihrem Browser gespeichert. Dieses Cookie enth\u00e4lt keine pers\u00f6nlichen Daten und speichert nur die Nachrichten-ID des von Ihnen bearbeiteten Artikels. Dieses Cookie l\u00e4uft nach einem Tag ab.  <\/p>\n\n<h2 class=\"wp-block-heading\">Eingebettete Inhalte von anderen Websites<\/h2>\n\n<p><strong class=\"privacy-policy-tutorial\">Vorgeschlagener Text: <\/strong>Beitr\u00e4ge auf dieser Website k\u00f6nnen eingebettete Inhalte enthalten (z. B. Videos, Bilder, Nachrichten usw.). Eingebettete Inhalte von anderen Websites verhalten sich genau so, als ob der Besucher diese andere Website besucht h\u00e4tte. <\/p>\n\n<p>Diese Websites k\u00f6nnen Daten \u00fcber Sie sammeln, Cookies verwenden, zus\u00e4tzliche Trackingfunktionen von Drittanbietern einbetten und Ihre Interaktion mit diesen eingebetteten Inhalten \u00fcberwachen, einschlie\u00dflich der Aufzeichnung Ihrer Interaktion mit eingebetteten Inhalten, wenn Sie ein Konto haben und auf dieser Website angemeldet sind.<\/p>\n\n<h2 class=\"wp-block-heading\">Mit wem wir Ihre Daten teilen<\/h2>\n\n<p><strong class=\"privacy-policy-tutorial\">Vorgeschlagener Text: <\/strong>Wenn Sie ein Passwort zur\u00fccksetzen lassen, wird Ihre IP-Adresse in der E-Mail zum Zur\u00fccksetzen enthalten sein.<\/p>\n\n<h2 class=\"wp-block-heading\">Wie lange wir Ihre Daten aufbewahren<\/h2>\n\n<p><strong class=\"privacy-policy-tutorial\">Vorgeschlagener Text: <\/strong>Wenn Sie einen Kommentar hinterlassen, werden dieser Kommentar und seine Metadaten f\u00fcr immer gespeichert. Auf diese Weise k\u00f6nnen wir Folgekommentare automatisch erkennen und genehmigen, anstatt sie moderieren zu m\u00fcssen. <\/p>\n\n<p>F\u00fcr Benutzer, die sich auf unserer Website registrieren (falls vorhanden), speichern wir auch die pers\u00f6nlichen Daten, die sie in ihrem Benutzerprofil angeben. Alle Benutzer k\u00f6nnen ihre pers\u00f6nlichen Daten jederzeit einsehen, bearbeiten oder l\u00f6schen (mit der Ausnahme, dass sie ihren Benutzernamen nicht \u00e4ndern k\u00f6nnen). Auch die Administratoren der Website k\u00f6nnen diese Informationen einsehen und bearbeiten.  <\/p>\n\n<h2 class=\"wp-block-heading\">Welche Rechte Sie \u00fcber Ihre Daten haben<\/h2>\n\n<p><strong class=\"privacy-policy-tutorial\">Vorgeschlagener Text: <\/strong>Wenn Sie ein Konto auf dieser Website haben oder Kommentare hinterlassen haben, k\u00f6nnen Sie eine Exportdatei Ihrer pers\u00f6nlichen Daten anfordern, die wir \u00fcber Sie gespeichert haben, einschlie\u00dflich aller Daten, die Sie uns gegeben haben. Sie k\u00f6nnen auch verlangen, dass wir alle personenbezogenen Daten, die wir \u00fcber Sie gespeichert haben, l\u00f6schen. Dies gilt nicht f\u00fcr Daten, die wir aus administrativen, rechtlichen oder Sicherheitsgr\u00fcnden aufbewahren m\u00fcssen.  <\/p>\n\n<h2 class=\"wp-block-heading\">Wohin Ihre Daten gesendet werden<\/h2>\n\n<p><strong class=\"privacy-policy-tutorial\">Vorgeschlagener Text: <\/strong>Die Antworten der Besucher k\u00f6nnen durch einen automatischen Spam-Erkennungsdienst \u00fcberwacht werden.<\/p>\n","protected":false},"excerpt":{"rendered":"<p>Wer wir sind Vorgeschlagener Text: Unsere Website-Adresse lautet: https:\/\/vakantiehuisdevoetjes.nl. Kommentare Vorgeschlagener Text: Wenn Besucher Kommentare auf der Website hinterlassen, sammeln wir die im Kommentarformular angezeigten Daten, die IP-Adresse des Besuchers und den Browser User Agent String, um Spam zu erkennen. Eine anonymisierte Zeichenfolge, die aus Ihrer E-Mail-Adresse erstellt wird (dies wird auch als Hash bezeichnet), [&hellip;]<\/p>\n","protected":false},"author":1,"featured_media":0,"parent":0,"menu_order":0,"comment_status":"closed","ping_status":"open","template":"","meta":{"_acf_changed":false,"footnotes":""},"class_list":["post-898","page","type-page","status-publish","hentry"],"acf":[],"yoast_head":"<!-- This site is optimized with the Yoast SEO plugin v25.7 - https:\/\/yoast.com\/wordpress\/plugins\/seo\/ -->\n<title>- %<\/title>\n<meta name=\"description\" content=\"Sch\u00f6n, dass Sie sich f\u00fcr unser Ferienhaus de Voetjes interessieren. Bitte lesen Sie zur Sicherheit die Bedingungen und Konditionen.\" \/>\n<meta name=\"robots\" content=\"index, follow, max-snippet:-1, max-image-preview:large, max-video-preview:-1\" \/>\n<link rel=\"canonical\" href=\"https:\/\/vakantiehuisdevoetjes.nl\/de\/allgemeine-bedingungen-und-konditionen\/\" \/>\n<meta property=\"og:locale\" content=\"de_DE\" \/>\n<meta property=\"og:type\" content=\"article\" \/>\n<meta property=\"og:title\" content=\"- %\" \/>\n<meta property=\"og:description\" content=\"Sch\u00f6n, dass Sie sich f\u00fcr unser Ferienhaus de Voetjes interessieren. Bitte lesen Sie zur Sicherheit die Bedingungen und Konditionen.\" \/>\n<meta property=\"og:url\" content=\"https:\/\/vakantiehuisdevoetjes.nl\/de\/allgemeine-bedingungen-und-konditionen\/\" \/>\n<meta property=\"og:site_name\" content=\"Ferienhaus de Voetjes\" \/>\n<meta property=\"article:modified_time\" content=\"2025-09-08T16:52:03+00:00\" \/>\n<meta name=\"twitter:card\" content=\"summary_large_image\" \/>\n<script type=\"application\/ld+json\" class=\"yoast-schema-graph\">{\"@context\":\"https:\/\/schema.org\",\"@graph\":[{\"@type\":\"WebPage\",\"@id\":\"https:\/\/vakantiehuisdevoetjes.nl\/de\/allgemeine-bedingungen-und-konditionen\/\",\"url\":\"https:\/\/vakantiehuisdevoetjes.nl\/de\/allgemeine-bedingungen-und-konditionen\/\",\"name\":\"- %\",\"isPartOf\":{\"@id\":\"https:\/\/vakantiehuisdevoetjes.nl\/de\/#website\"},\"datePublished\":\"2025-07-08T09:31:44+00:00\",\"dateModified\":\"2025-09-08T16:52:03+00:00\",\"description\":\"Sch\u00f6n, dass Sie sich f\u00fcr unser Ferienhaus de Voetjes interessieren. Bitte lesen Sie zur Sicherheit die Bedingungen und Konditionen.\",\"breadcrumb\":{\"@id\":\"https:\/\/vakantiehuisdevoetjes.nl\/de\/allgemeine-bedingungen-und-konditionen\/#breadcrumb\"},\"inLanguage\":\"de\",\"potentialAction\":[{\"@type\":\"ReadAction\",\"target\":[\"https:\/\/vakantiehuisdevoetjes.nl\/de\/allgemeine-bedingungen-und-konditionen\/\"]}]},{\"@type\":\"BreadcrumbList\",\"@id\":\"https:\/\/vakantiehuisdevoetjes.nl\/de\/allgemeine-bedingungen-und-konditionen\/#breadcrumb\",\"itemListElement\":[{\"@type\":\"ListItem\",\"position\":1,\"name\":\"Startseite\",\"item\":\"https:\/\/vakantiehuisdevoetjes.nl\/de\/\"},{\"@type\":\"ListItem\",\"position\":2,\"name\":\"Allgemeine Bedingungen und Konditionen\"}]},{\"@type\":\"WebSite\",\"@id\":\"https:\/\/vakantiehuisdevoetjes.nl\/de\/#website\",\"url\":\"https:\/\/vakantiehuisdevoetjes.nl\/de\/\",\"name\":\"Ferienhaus de Voetjes\",\"description\":\"\",\"potentialAction\":[{\"@type\":\"SearchAction\",\"target\":{\"@type\":\"EntryPoint\",\"urlTemplate\":\"https:\/\/vakantiehuisdevoetjes.nl\/de\/?s={search_term_string}\"},\"query-input\":{\"@type\":\"PropertyValueSpecification\",\"valueRequired\":true,\"valueName\":\"search_term_string\"}}],\"inLanguage\":\"de\"}]}<\/script>\n<!-- \/ Yoast SEO plugin. -->","yoast_head_json":{"title":"- %","description":"Sch\u00f6n, dass Sie sich f\u00fcr unser Ferienhaus de Voetjes interessieren. Bitte lesen Sie zur Sicherheit die Bedingungen und Konditionen.","robots":{"index":"index","follow":"follow","max-snippet":"max-snippet:-1","max-image-preview":"max-image-preview:large","max-video-preview":"max-video-preview:-1"},"canonical":"https:\/\/vakantiehuisdevoetjes.nl\/de\/allgemeine-bedingungen-und-konditionen\/","og_locale":"de_DE","og_type":"article","og_title":"- %","og_description":"Sch\u00f6n, dass Sie sich f\u00fcr unser Ferienhaus de Voetjes interessieren. Bitte lesen Sie zur Sicherheit die Bedingungen und Konditionen.","og_url":"https:\/\/vakantiehuisdevoetjes.nl\/de\/allgemeine-bedingungen-und-konditionen\/","og_site_name":"Ferienhaus de Voetjes","article_modified_time":"2025-09-08T16:52:03+00:00","twitter_card":"summary_large_image","schema":{"@context":"https:\/\/schema.org","@graph":[{"@type":"WebPage","@id":"https:\/\/vakantiehuisdevoetjes.nl\/de\/allgemeine-bedingungen-und-konditionen\/","url":"https:\/\/vakantiehuisdevoetjes.nl\/de\/allgemeine-bedingungen-und-konditionen\/","name":"- %","isPartOf":{"@id":"https:\/\/vakantiehuisdevoetjes.nl\/de\/#website"},"datePublished":"2025-07-08T09:31:44+00:00","dateModified":"2025-09-08T16:52:03+00:00","description":"Sch\u00f6n, dass Sie sich f\u00fcr unser Ferienhaus de Voetjes interessieren. Bitte lesen Sie zur Sicherheit die Bedingungen und Konditionen.","breadcrumb":{"@id":"https:\/\/vakantiehuisdevoetjes.nl\/de\/allgemeine-bedingungen-und-konditionen\/#breadcrumb"},"inLanguage":"de","potentialAction":[{"@type":"ReadAction","target":["https:\/\/vakantiehuisdevoetjes.nl\/de\/allgemeine-bedingungen-und-konditionen\/"]}]},{"@type":"BreadcrumbList","@id":"https:\/\/vakantiehuisdevoetjes.nl\/de\/allgemeine-bedingungen-und-konditionen\/#breadcrumb","itemListElement":[{"@type":"ListItem","position":1,"name":"Startseite","item":"https:\/\/vakantiehuisdevoetjes.nl\/de\/"},{"@type":"ListItem","position":2,"name":"Allgemeine Bedingungen und Konditionen"}]},{"@type":"WebSite","@id":"https:\/\/vakantiehuisdevoetjes.nl\/de\/#website","url":"https:\/\/vakantiehuisdevoetjes.nl\/de\/","name":"Ferienhaus de Voetjes","description":"","potentialAction":[{"@type":"SearchAction","target":{"@type":"EntryPoint","urlTemplate":"https:\/\/vakantiehuisdevoetjes.nl\/de\/?s={search_term_string}"},"query-input":{"@type":"PropertyValueSpecification","valueRequired":true,"valueName":"search_term_string"}}],"inLanguage":"de"}]}},"_links":{"self":[{"href":"https:\/\/vakantiehuisdevoetjes.nl\/de\/wp-json\/wp\/v2\/pages\/898","targetHints":{"allow":["GET"]}}],"collection":[{"href":"https:\/\/vakantiehuisdevoetjes.nl\/de\/wp-json\/wp\/v2\/pages"}],"about":[{"href":"https:\/\/vakantiehuisdevoetjes.nl\/de\/wp-json\/wp\/v2\/types\/page"}],"author":[{"embeddable":true,"href":"https:\/\/vakantiehuisdevoetjes.nl\/de\/wp-json\/wp\/v2\/users\/1"}],"replies":[{"embeddable":true,"href":"https:\/\/vakantiehuisdevoetjes.nl\/de\/wp-json\/wp\/v2\/comments?post=898"}],"version-history":[{"count":2,"href":"https:\/\/vakantiehuisdevoetjes.nl\/de\/wp-json\/wp\/v2\/pages\/898\/revisions"}],"predecessor-version":[{"id":900,"href":"https:\/\/vakantiehuisdevoetjes.nl\/de\/wp-json\/wp\/v2\/pages\/898\/revisions\/900"}],"wp:attachment":[{"href":"https:\/\/vakantiehuisdevoetjes.nl\/de\/wp-json\/wp\/v2\/media?parent=898"}],"curies":[{"name":"wp","href":"https:\/\/api.w.org\/{rel}","templated":true}]}}