{"id":879,"date":"2025-07-08T09:31:44","date_gmt":"2025-07-08T09:31:44","guid":{"rendered":"https:\/\/devoetjes.byteffekt-dev.nl\/startseite\/"},"modified":"2025-08-21T07:31:24","modified_gmt":"2025-08-21T07:31:24","slug":"startseite","status":"publish","type":"page","link":"https:\/\/vakantiehuisdevoetjes.nl\/de\/","title":{"rendered":"Startseite"},"content":{"rendered":"&#13;\n<p>Dies ist eine Beispielseite. Sie unterscheidet sich von einem Blogbeitrag, weil sie an einem Ort bleibt und in der Navigation Ihrer Website angezeigt wird (in den meisten Themes). Die meisten Menschen beginnen mit einer \u00dcber-Seite, auf der sie sich potenziellen Besuchern der Website vorstellen. Sie k\u00f6nnte etwa so lauten:   <\/p>&#13;\n&#13;\n<blockquote class=\"wp-block-quote is-layout-flow wp-block-quote-is-layout-flow\">&#13;\n<p>Hallo zusammen! Ich bin im Alltag Fahrradkurier und abends ein angehender Schauspieler, und dies ist meine Website. Ich lebe in Los Angeles, habe einen s\u00fc\u00dfen Hund namens Jack und ich liebe Pi\u00f1a Coladas. (Und werde vom Regen \u00fcberrascht.)   <\/p>&#13;\n<\/blockquote>&#13;\n&#13;\n<p>&#8230;Oder so \u00e4hnlich:<\/p>&#13;\n&#13;\n<blockquote class=\"wp-block-quote is-layout-flow wp-block-quote-is-layout-flow\">&#13;\n<p>Die XYZ Doohickey Company wurde 1971 gegr\u00fcndet und bietet seitdem hochwertige Doohickeys f\u00fcr die \u00d6ffentlichkeit an. XYZ hat seinen Sitz in Gotham City und besch\u00e4ftigt mehr als 2.000 Mitarbeiter, die alle m\u00f6glichen gro\u00dfartigen Dinge f\u00fcr die Gemeinschaft in Gotham tun. <\/p>&#13;\n<\/blockquote>&#13;\n&#13;\n<p>Als neuer WordPress-Benutzer k\u00f6nnen Sie zu <a href=\"https:\/\/vakantiehuisdevoetjes.nl\/wp-admin\/\">Ihrem Dashboard<\/a> gehen, um diese Seite zu l\u00f6schen und neue Seiten f\u00fcr Ihre Inhalte hinzuzuf\u00fcgen. Viel Spa\u00df!<\/p>&#13;\n","protected":false},"excerpt":{"rendered":"<p>&#13; Dies ist eine Beispielseite. Sie unterscheidet sich von einem Blogbeitrag, weil sie an einem Ort bleibt und in der Navigation Ihrer Website angezeigt wird (in den meisten Themes). Die meisten Menschen beginnen mit einer \u00dcber-Seite, auf der sie sich potenziellen Besuchern der Website vorstellen. Sie k\u00f6nnte etwa so lauten: &#13; &#13; &#13; Hallo zusammen! [&hellip;]<\/p>\n","protected":false},"author":1,"featured_media":0,"parent":0,"menu_order":0,"comment_status":"closed","ping_status":"closed","template":"","meta":{"_acf_changed":false,"footnotes":""},"class_list":["post-879","page","type-page","status-publish","hentry"],"acf":[],"yoast_head":"<!-- This site is optimized with the Yoast SEO plugin v25.7 - https:\/\/yoast.com\/wordpress\/plugins\/seo\/ -->\n<title>- %<\/title>\n<meta name=\"robots\" content=\"index, follow, max-snippet:-1, max-image-preview:large, max-video-preview:-1\" \/>\n<link rel=\"canonical\" href=\"https:\/\/vakantiehuisdevoetjes.nl\/de\/\" \/>\n<meta property=\"og:locale\" content=\"de_DE\" \/>\n<meta property=\"og:type\" content=\"article\" \/>\n<meta property=\"og:title\" content=\"- %\" \/>\n<meta property=\"og:description\" content=\"&#013; Dies ist eine Beispielseite. Sie unterscheidet sich von einem Blogbeitrag, weil sie an einem Ort bleibt und in der Navigation Ihrer Website angezeigt wird (in den meisten Themes). Die meisten Menschen beginnen mit einer \u00dcber-Seite, auf der sie sich potenziellen Besuchern der Website vorstellen. Sie k\u00f6nnte etwa so lauten: &#013; &#013; &#013; Hallo zusammen! [&hellip;]\" \/>\n<meta property=\"og:url\" content=\"https:\/\/vakantiehuisdevoetjes.nl\/de\/\" \/>\n<meta property=\"og:site_name\" content=\"Ferienhaus de Voetjes\" \/>\n<meta property=\"article:modified_time\" content=\"2025-08-21T07:31:24+00:00\" \/>\n<meta name=\"twitter:card\" content=\"summary_large_image\" \/>\n<script type=\"application\/ld+json\" class=\"yoast-schema-graph\">{\"@context\":\"https:\/\/schema.org\",\"@graph\":[{\"@type\":\"WebPage\",\"@id\":\"https:\/\/vakantiehuisdevoetjes.nl\/de\/\",\"url\":\"https:\/\/vakantiehuisdevoetjes.nl\/de\/\",\"name\":\"- %\",\"isPartOf\":{\"@id\":\"https:\/\/vakantiehuisdevoetjes.nl\/de\/#website\"},\"datePublished\":\"2025-07-08T09:31:44+00:00\",\"dateModified\":\"2025-08-21T07:31:24+00:00\",\"breadcrumb\":{\"@id\":\"https:\/\/vakantiehuisdevoetjes.nl\/de\/#breadcrumb\"},\"inLanguage\":\"de\",\"potentialAction\":[{\"@type\":\"ReadAction\",\"target\":[\"https:\/\/vakantiehuisdevoetjes.nl\/de\/\"]}]},{\"@type\":\"BreadcrumbList\",\"@id\":\"https:\/\/vakantiehuisdevoetjes.nl\/de\/#breadcrumb\",\"itemListElement\":[{\"@type\":\"ListItem\",\"position\":1,\"name\":\"Startseite\",\"item\":\"https:\/\/vakantiehuisdevoetjes.nl\/de\/\"},{\"@type\":\"ListItem\",\"position\":2,\"name\":\"Startseite\"}]},{\"@type\":\"WebSite\",\"@id\":\"https:\/\/vakantiehuisdevoetjes.nl\/de\/#website\",\"url\":\"https:\/\/vakantiehuisdevoetjes.nl\/de\/\",\"name\":\"Ferienhaus de Voetjes\",\"description\":\"\",\"potentialAction\":[{\"@type\":\"SearchAction\",\"target\":{\"@type\":\"EntryPoint\",\"urlTemplate\":\"https:\/\/vakantiehuisdevoetjes.nl\/de\/?s={search_term_string}\"},\"query-input\":{\"@type\":\"PropertyValueSpecification\",\"valueRequired\":true,\"valueName\":\"search_term_string\"}}],\"inLanguage\":\"de\"}]}<\/script>\n<!-- \/ Yoast SEO plugin. -->","yoast_head_json":{"title":"- %","robots":{"index":"index","follow":"follow","max-snippet":"max-snippet:-1","max-image-preview":"max-image-preview:large","max-video-preview":"max-video-preview:-1"},"canonical":"https:\/\/vakantiehuisdevoetjes.nl\/de\/","og_locale":"de_DE","og_type":"article","og_title":"- %","og_description":"&#13; Dies ist eine Beispielseite. Sie unterscheidet sich von einem Blogbeitrag, weil sie an einem Ort bleibt und in der Navigation Ihrer Website angezeigt wird (in den meisten Themes). Die meisten Menschen beginnen mit einer \u00dcber-Seite, auf der sie sich potenziellen Besuchern der Website vorstellen. Sie k\u00f6nnte etwa so lauten: &#13; &#13; &#13; Hallo zusammen! [&hellip;]","og_url":"https:\/\/vakantiehuisdevoetjes.nl\/de\/","og_site_name":"Ferienhaus de Voetjes","article_modified_time":"2025-08-21T07:31:24+00:00","twitter_card":"summary_large_image","schema":{"@context":"https:\/\/schema.org","@graph":[{"@type":"WebPage","@id":"https:\/\/vakantiehuisdevoetjes.nl\/de\/","url":"https:\/\/vakantiehuisdevoetjes.nl\/de\/","name":"- %","isPartOf":{"@id":"https:\/\/vakantiehuisdevoetjes.nl\/de\/#website"},"datePublished":"2025-07-08T09:31:44+00:00","dateModified":"2025-08-21T07:31:24+00:00","breadcrumb":{"@id":"https:\/\/vakantiehuisdevoetjes.nl\/de\/#breadcrumb"},"inLanguage":"de","potentialAction":[{"@type":"ReadAction","target":["https:\/\/vakantiehuisdevoetjes.nl\/de\/"]}]},{"@type":"BreadcrumbList","@id":"https:\/\/vakantiehuisdevoetjes.nl\/de\/#breadcrumb","itemListElement":[{"@type":"ListItem","position":1,"name":"Startseite","item":"https:\/\/vakantiehuisdevoetjes.nl\/de\/"},{"@type":"ListItem","position":2,"name":"Startseite"}]},{"@type":"WebSite","@id":"https:\/\/vakantiehuisdevoetjes.nl\/de\/#website","url":"https:\/\/vakantiehuisdevoetjes.nl\/de\/","name":"Ferienhaus de Voetjes","description":"","potentialAction":[{"@type":"SearchAction","target":{"@type":"EntryPoint","urlTemplate":"https:\/\/vakantiehuisdevoetjes.nl\/de\/?s={search_term_string}"},"query-input":{"@type":"PropertyValueSpecification","valueRequired":true,"valueName":"search_term_string"}}],"inLanguage":"de"}]}},"_links":{"self":[{"href":"https:\/\/vakantiehuisdevoetjes.nl\/de\/wp-json\/wp\/v2\/pages\/879","targetHints":{"allow":["GET"]}}],"collection":[{"href":"https:\/\/vakantiehuisdevoetjes.nl\/de\/wp-json\/wp\/v2\/pages"}],"about":[{"href":"https:\/\/vakantiehuisdevoetjes.nl\/de\/wp-json\/wp\/v2\/types\/page"}],"author":[{"embeddable":true,"href":"https:\/\/vakantiehuisdevoetjes.nl\/de\/wp-json\/wp\/v2\/users\/1"}],"replies":[{"embeddable":true,"href":"https:\/\/vakantiehuisdevoetjes.nl\/de\/wp-json\/wp\/v2\/comments?post=879"}],"version-history":[{"count":1,"href":"https:\/\/vakantiehuisdevoetjes.nl\/de\/wp-json\/wp\/v2\/pages\/879\/revisions"}],"predecessor-version":[{"id":880,"href":"https:\/\/vakantiehuisdevoetjes.nl\/de\/wp-json\/wp\/v2\/pages\/879\/revisions\/880"}],"wp:attachment":[{"href":"https:\/\/vakantiehuisdevoetjes.nl\/de\/wp-json\/wp\/v2\/media?parent=879"}],"curies":[{"name":"wp","href":"https:\/\/api.w.org\/{rel}","templated":true}]}}